{"id":1952,"date":"2026-02-09T10:16:05","date_gmt":"2026-02-09T09:16:05","guid":{"rendered":"https:\/\/www.paviainnovationweek.it\/live-streaming\/"},"modified":"2026-03-19T12:44:03","modified_gmt":"2026-03-19T11:44:03","slug":"video","status":"publish","type":"page","link":"https:\/\/www.paviainnovationweek.it\/en\/video\/","title":{"rendered":"Video"},"content":{"rendered":"\t\t<div data-elementor-type=\"wp-page\" data-elementor-id=\"1952\" class=\"elementor elementor-1952 elementor-1452\" data-elementor-post-type=\"page\">\n\t\t\t\t<div class=\"elementor-element elementor-element-1aa2684 e-flex e-con-boxed e-con e-parent\" data-id=\"1aa2684\" data-element_type=\"container\" data-e-type=\"container\" data-settings=\"{&quot;background_background&quot;:&quot;classic&quot;}\">\n\t\t\t\t\t<div class=\"e-con-inner\">\n\t\t\t\t<div class=\"elementor-element elementor-element-23f8030 elementor-nav-menu__align-center elementor-nav-menu--dropdown-none elementor-widget elementor-widget-nav-menu\" data-id=\"23f8030\" data-element_type=\"widget\" data-e-type=\"widget\" data-settings=\"{&quot;layout&quot;:&quot;horizontal&quot;,&quot;submenu_icon&quot;:{&quot;value&quot;:&quot;&lt;svg aria-hidden=\\&quot;true\\&quot; class=\\&quot;e-font-icon-svg e-fas-caret-down\\&quot; viewBox=\\&quot;0 0 320 512\\&quot; xmlns=\\&quot;http:\\\/\\\/www.w3.org\\\/2000\\\/svg\\&quot;&gt;&lt;path d=\\&quot;M31.3 192h257.3c17.8 0 26.7 21.5 14.1 34.1L174.1 354.8c-7.8 7.8-20.5 7.8-28.3 0L17.2 226.1C4.6 213.5 13.5 192 31.3 192z\\&quot;&gt;&lt;\\\/path&gt;&lt;\\\/svg&gt;&quot;,&quot;library&quot;:&quot;fa-solid&quot;}}\" data-widget_type=\"nav-menu.default\">\n\t\t\t\t\t\t\t\t<nav aria-label=\"Menu\" class=\"elementor-nav-menu--main elementor-nav-menu__container elementor-nav-menu--layout-horizontal e--pointer-underline e--animation-fade\">\n\t\t\t\t<ul id=\"menu-1-23f8030\" class=\"elementor-nav-menu\"><li class=\"menu-item menu-item-type-post_type menu-item-object-page menu-item-home menu-item-4493\"><a href=\"https:\/\/www.paviainnovationweek.it\/homepage\/\" class=\"elementor-item\">Homepage<\/a><\/li>\n<li class=\"menu-item menu-item-type-post_type menu-item-object-page menu-item-4486\"><a href=\"https:\/\/www.paviainnovationweek.it\/extra\/\" class=\"elementor-item\">Extra<\/a><\/li>\n<li class=\"menu-item menu-item-type-post_type menu-item-object-page menu-item-7127\"><a href=\"https:\/\/www.paviainnovationweek.it\/visite-guidate\/\" class=\"elementor-item\">Guided Tours<\/a><\/li>\n<li class=\"menu-item menu-item-type-post_type menu-item-object-page menu-item-4487\"><a href=\"https:\/\/www.paviainnovationweek.it\/locations\/\" class=\"elementor-item\">Locations<\/a><\/li>\n<li class=\"menu-item menu-item-type-post_type menu-item-object-page menu-item-4976\"><a href=\"https:\/\/www.paviainnovationweek.it\/relatori\/\" class=\"elementor-item\">Speakers<\/a><\/li>\n<li class=\"menu-item menu-item-type-post_type menu-item-object-page menu-item-4488\"><a href=\"https:\/\/www.paviainnovationweek.it\/ospiti\/\" class=\"elementor-item\">Guests<\/a><\/li>\n<li class=\"menu-item menu-item-type-post_type menu-item-object-page menu-item-1487\"><a href=\"https:\/\/www.paviainnovationweek.it\/video\/\" class=\"elementor-item\">Video<\/a><\/li>\n<li class=\"menu-item menu-item-type-post_type menu-item-object-page menu-item-1387\"><a href=\"https:\/\/www.paviainnovationweek.it\/chi-siamo\/\" class=\"elementor-item\">About Us<\/a><\/li>\n<li class=\"menu-item menu-item-type-post_type menu-item-object-page menu-item-4614\"><a href=\"https:\/\/www.paviainnovationweek.it\/piw-2026\/\" class=\"elementor-item\">Homepage<\/a><\/li>\n<\/ul>\t\t\t<\/nav>\n\t\t\t\t\t\t<nav class=\"elementor-nav-menu--dropdown elementor-nav-menu__container\" aria-hidden=\"true\">\n\t\t\t\t<ul id=\"menu-2-23f8030\" class=\"elementor-nav-menu\"><li class=\"menu-item menu-item-type-post_type menu-item-object-page menu-item-home menu-item-4493\"><a href=\"https:\/\/www.paviainnovationweek.it\/homepage\/\" class=\"elementor-item\" tabindex=\"-1\">Homepage<\/a><\/li>\n<li class=\"menu-item menu-item-type-post_type menu-item-object-page menu-item-4486\"><a href=\"https:\/\/www.paviainnovationweek.it\/extra\/\" class=\"elementor-item\" tabindex=\"-1\">Extra<\/a><\/li>\n<li class=\"menu-item menu-item-type-post_type menu-item-object-page menu-item-7127\"><a href=\"https:\/\/www.paviainnovationweek.it\/visite-guidate\/\" class=\"elementor-item\" tabindex=\"-1\">Guided Tours<\/a><\/li>\n<li class=\"menu-item menu-item-type-post_type menu-item-object-page menu-item-4487\"><a href=\"https:\/\/www.paviainnovationweek.it\/locations\/\" class=\"elementor-item\" tabindex=\"-1\">Locations<\/a><\/li>\n<li class=\"menu-item menu-item-type-post_type menu-item-object-page menu-item-4976\"><a href=\"https:\/\/www.paviainnovationweek.it\/relatori\/\" class=\"elementor-item\" tabindex=\"-1\">Speakers<\/a><\/li>\n<li class=\"menu-item menu-item-type-post_type menu-item-object-page menu-item-4488\"><a href=\"https:\/\/www.paviainnovationweek.it\/ospiti\/\" class=\"elementor-item\" tabindex=\"-1\">Guests<\/a><\/li>\n<li class=\"menu-item menu-item-type-post_type menu-item-object-page menu-item-1487\"><a href=\"https:\/\/www.paviainnovationweek.it\/video\/\" class=\"elementor-item\" tabindex=\"-1\">Video<\/a><\/li>\n<li class=\"menu-item menu-item-type-post_type menu-item-object-page menu-item-1387\"><a href=\"https:\/\/www.paviainnovationweek.it\/chi-siamo\/\" class=\"elementor-item\" tabindex=\"-1\">About Us<\/a><\/li>\n<li class=\"menu-item menu-item-type-post_type menu-item-object-page menu-item-4614\"><a href=\"https:\/\/www.paviainnovationweek.it\/piw-2026\/\" class=\"elementor-item\" tabindex=\"-1\">Homepage<\/a><\/li>\n<\/ul>\t\t\t<\/nav>\n\t\t\t\t\t\t<\/div>\n\t\t\t\t\t<\/div>\n\t\t\t\t<\/div>\n\t\t<div class=\"elementor-element elementor-element-815b1cc e-flex e-con-boxed e-con e-parent\" data-id=\"815b1cc\" data-element_type=\"container\" data-e-type=\"container\" data-settings=\"{&quot;background_background&quot;:&quot;classic&quot;,&quot;shape_divider_bottom&quot;:&quot;tilt&quot;}\">\n\t\t\t\t\t<div class=\"e-con-inner\">\n\t\t\t\t<div class=\"elementor-shape elementor-shape-bottom\" aria-hidden=\"true\" data-negative=\"false\">\n\t\t\t<svg xmlns=\"http:\/\/www.w3.org\/2000\/svg\" viewBox=\"0 0 1000 100\" preserveAspectRatio=\"none\">\n\t<path class=\"elementor-shape-fill\" d=\"M0,6V0h1000v100L0,6z\"\/>\n<\/svg>\t\t<\/div>\n\t\t<div class=\"elementor-element elementor-element-4172cc0 e-con-full e-flex e-con e-child\" data-id=\"4172cc0\" data-element_type=\"container\" data-e-type=\"container\">\n\t\t<div class=\"elementor-element elementor-element-f50d109 e-con-full e-flex e-con e-child\" data-id=\"f50d109\" data-element_type=\"container\" data-e-type=\"container\">\n\t\t<div class=\"elementor-element elementor-element-a0255c5 e-con-full e-flex e-con e-child\" data-id=\"a0255c5\" data-element_type=\"container\" data-e-type=\"container\">\n\t\t<div class=\"elementor-element elementor-element-65f2448 e-con-full e-flex e-con e-child\" data-id=\"65f2448\" data-element_type=\"container\" data-e-type=\"container\">\n\t\t\t\t<div class=\"elementor-element elementor-element-fcdaca7 elementor-widget elementor-widget-image\" data-id=\"fcdaca7\" data-element_type=\"widget\" data-e-type=\"widget\" data-widget_type=\"image.default\">\n\t\t\t\t\t\t\t\t\t\t\t\t\t\t\t\t<a href=\"https:\/\/www.paviainnovationweek.it\/en\/\">\n\t\t\t\t\t\t\t<img fetchpriority=\"high\" decoding=\"async\" width=\"479\" height=\"479\" src=\"https:\/\/www.paviainnovationweek.it\/wp-content\/uploads\/2026\/02\/logo_simbolo_PIW-1.png\" class=\"attachment-large size-large wp-image-2660\" alt=\"\" srcset=\"https:\/\/www.paviainnovationweek.it\/wp-content\/uploads\/2026\/02\/logo_simbolo_PIW-1.png 479w, https:\/\/www.paviainnovationweek.it\/wp-content\/uploads\/2026\/02\/logo_simbolo_PIW-1-300x300.png 300w, https:\/\/www.paviainnovationweek.it\/wp-content\/uploads\/2026\/02\/logo_simbolo_PIW-1-150x150.png 150w\" sizes=\"(max-width: 479px) 100vw, 479px\" \/>\t\t\t\t\t\t\t\t<\/a>\n\t\t\t\t\t\t\t\t\t\t\t\t\t\t\t<\/div>\n\t\t\t\t<\/div>\n\t\t<div class=\"elementor-element elementor-element-e180316 e-con-full e-flex e-con e-child\" data-id=\"e180316\" data-element_type=\"container\" data-e-type=\"container\">\n\t\t\t\t<div class=\"elementor-element elementor-element-b3f615c elementor-widget elementor-widget-heading\" data-id=\"b3f615c\" data-element_type=\"widget\" data-e-type=\"widget\" data-widget_type=\"heading.default\">\n\t\t\t\t\t<h2 class=\"elementor-heading-title elementor-size-default\">An experience to be enjoyed online too<\/h2>\t\t\t\t<\/div>\n\t\t\t\t<\/div>\n\t\t\t\t<\/div>\n\t\t<div class=\"elementor-element elementor-element-b60dab6 e-con-full e-flex e-con e-child\" data-id=\"b60dab6\" data-element_type=\"container\" data-e-type=\"container\" data-settings=\"{&quot;position&quot;:&quot;absolute&quot;}\">\n\t\t\t\t<div class=\"elementor-element elementor-element-fee0921 elementor-widget elementor-widget-html\" data-id=\"fee0921\" data-element_type=\"widget\" data-e-type=\"widget\" data-widget_type=\"html.default\">\n\t\t\t\t\t<a class=\"glass-lang-toggle\"\n   href=\"#\"\n   data-icon-it=\"https:\/\/www.paviainnovationweek.it\/wp-content\/uploads\/2026\/02\/it_flag.png\"\n   data-icon-en=\"https:\/\/www.paviainnovationweek.it\/wp-content\/uploads\/2026\/02\/uk_flag.png\"\n   aria-label=\"Switch language\">\n\n  <img decoding=\"async\" class=\"glass-lang-toggle__icon\"\n       src=\"https:\/\/www.paviainnovationweek.it\/wp-content\/uploads\/2026\/02\/uk_flag.png\"\n       alt=\"\" \/>\n\n  <span class=\"glass-lang-toggle__label\">Passa a Italiano<\/span>\n<\/a>\t\t\t\t<\/div>\n\t\t\t\t<div class=\"elementor-element elementor-element-575f761 elementor-widget elementor-widget-html\" data-id=\"575f761\" data-element_type=\"widget\" data-e-type=\"widget\" data-widget_type=\"html.default\">\n\t\t\t\t\t<script>\n(function () {\n  const ORIGIN  = window.location.origin;\n  const BASE_IT = '\/piw';\n  const BASE_EN = '\/piw\/en';\n\n  const htmlLang = (document.documentElement.getAttribute('lang') || '').toLowerCase();\n  const lang = htmlLang.startsWith('en') ? 'en' : 'it';\n\n  const toggle = document.querySelector('.glass-lang-toggle');\n  if (!toggle) return;\n\n  const target = (lang === 'en') ? 'it' : 'en';\n\n  \/\/ HREF: prova WPML hreflang\n  const alt = document.querySelector(`link[rel=\"alternate\"][hreflang^=\"${target}\"]`);\n  let href = alt ? (alt.getAttribute('href') || '') : '';\n\n  \/\/ fallback: swap base path\n  if (!href) {\n    const p = window.location.pathname;\n    if (target === 'en') {\n      href = ORIGIN + (p.startsWith(BASE_EN) ? p : p.replace(BASE_IT, BASE_EN));\n    } else {\n      href = ORIGIN + (p.startsWith(BASE_IT) ? p : p.replace(BASE_EN, BASE_IT));\n    }\n  }\n  toggle.href = href;\n\n  \/\/ ICONA: mostra bandiera del target\n  const icon = toggle.querySelector('.glass-lang-toggle__icon');\n  if (icon) {\n    const src = toggle.getAttribute(target === 'en' ? 'data-icon-en' : 'data-icon-it');\n    if (src) icon.src = src;\n  }\n\n  \/\/ LABEL: testo del target\n  const text = (target === 'en') ? 'Switch to English' : 'Passa a Italiano';\n\n  const label = toggle.querySelector('.glass-lang-toggle__label');\n  if (label) label.textContent = text;\n\n  toggle.setAttribute('aria-label', text);\n})();\n<\/script>\t\t\t\t<\/div>\n\t\t\t\t<\/div>\n\t\t\t\t<\/div>\n\t\t\t\t<\/div>\n\t\t\t\t\t<\/div>\n\t\t\t\t<\/div>\n\t\t<div class=\"elementor-element elementor-element-b5ff817 e-flex e-con-boxed e-con e-parent\" data-id=\"b5ff817\" data-element_type=\"container\" data-e-type=\"container\">\n\t\t\t\t\t<div class=\"e-con-inner\">\n\t\t\t\t<div class=\"elementor-element elementor-element-5dc57fd elementor-widget elementor-widget-heading\" data-id=\"5dc57fd\" data-element_type=\"widget\" data-e-type=\"widget\" data-widget_type=\"heading.default\">\n\t\t\t\t\t<h3 class=\"elementor-heading-title elementor-size-default\">Pavia Innovation Week | Live Streaming<\/h3>\t\t\t\t<\/div>\n\t\t\t\t<div class=\"elementor-element elementor-element-8b99659 elementor-widget__width-initial elementor-widget-mobile__width-inherit elementor-widget elementor-widget-text-editor\" data-id=\"8b99659\" data-element_type=\"widget\" data-e-type=\"widget\" data-widget_type=\"text-editor.default\">\n\t\t\t\t\t\t\t\t\t<p>Pavia Innovation Week is an experience that can also be enjoyed online. In this section, you can follow live streams of scheduled events and watch the content published on the festival\u2019s official YouTube channel.<\/p><p>A way to take part in the conversations, hear authoritative voices, and stay connected to the themes of innovation\u2014even from a distance. Perch\u00e9 il dialogo sul futuro non ha confini, n\u00e9 geografici n\u00e9 temporali.<\/p>\t\t\t\t\t\t\t\t<\/div>\n\t\t\t\t<div class=\"elementor-element elementor-element-56d21f1 elementor-widget__width-inherit elementor-widget elementor-widget-shortcode\" data-id=\"56d21f1\" data-element_type=\"widget\" data-e-type=\"widget\" data-widget_type=\"shortcode.default\">\n\t\t\t\t\t\t\t<div class=\"elementor-shortcode\"><div class=\"mci-video-embed\"><style>\n    .mci-video-embed .video-full{\n      width:100%;\n      height:100vh;\n      border:0;\n      display:block;\n    }\n    @media (max-width: 767px){\n      .mci-video-embed .video-full{\n        height:250px;\n      }\n    }\n  <\/style><iframe class=\"video-full\" src=\"https:\/\/www.corriere.it\/video\/embed\/pavia-innovation-week-2026-04.shtml\" frameborder=\"0\" scrolling=\"no\" allowfullscreen><\/iframe><\/div><\/div>\n\t\t\t\t\t\t<\/div>\n\t\t\t\t\t<\/div>\n\t\t\t\t<\/div>\n\t\t<div class=\"elementor-element elementor-element-08921c6 e-flex e-con-boxed e-con e-parent\" data-id=\"08921c6\" data-element_type=\"container\" data-e-type=\"container\" data-settings=\"{&quot;background_background&quot;:&quot;classic&quot;}\">\n\t\t\t\t\t<div class=\"e-con-inner\">\n\t\t\t\t<div class=\"elementor-element elementor-element-662ea1c elementor-widget elementor-widget-heading\" data-id=\"662ea1c\" data-element_type=\"widget\" data-e-type=\"widget\" data-widget_type=\"heading.default\">\n\t\t\t\t\t<h2 class=\"elementor-heading-title elementor-size-default\">Videos from Pavia Innovation Week<br><\/h2>\t\t\t\t<\/div>\n\t\t\t\t<div class=\"elementor-element elementor-element-f3d3d9a elementor-widget elementor-widget-heading\" data-id=\"f3d3d9a\" data-element_type=\"widget\" data-e-type=\"widget\" data-widget_type=\"heading.default\">\n\t\t\t\t\t<h4 class=\"elementor-heading-title elementor-size-default\">Revisit the conversations, hear the voices, explore the ideas<\/h4>\t\t\t\t<\/div>\n\t\t\t\t<div class=\"elementor-element elementor-element-6a40036 elementor-widget__width-initial elementor-widget-mobile__width-inherit elementor-widget elementor-widget-text-editor\" data-id=\"6a40036\" data-element_type=\"widget\" data-e-type=\"widget\" data-widget_type=\"text-editor.default\">\n\t\t\t\t\t\t\t\t\t<p>This section brings together all the videos published on the official Pavia Innovation Week YouTube channel. Talks, conversations, performances, and in-depth sessions remain available beyond the live broadcast, allowing you to continue exploring the festival\u2019s themes at your own pace.<\/p><p>An open archive of content for those who wish to revisit an event, catch up on what they missed, or further reflect on the ideas that shaped the week of innovation.<\/p>\t\t\t\t\t\t\t\t<\/div>\n\t\t\t\t<div class=\"elementor-element elementor-element-cc1b172 elementor-widget elementor-widget-shortcode\" data-id=\"cc1b172\" data-element_type=\"widget\" data-e-type=\"widget\" data-widget_type=\"shortcode.default\">\n\t\t\t\t\t\t\t<div class=\"elementor-shortcode\"><\/div>\n\t\t\t\t\t\t<\/div>\n\t\t\t\t\t<\/div>\n\t\t\t\t<\/div>\n\t\t\t\t<\/div>\n\t\t","protected":false},"excerpt":{"rendered":"<p>An experience to be enjoyed online too Passa a Italiano Pavia Innovation Week | Live Streaming Pavia Innovation Week is an experience that can also be enjoyed online. In this section, you can follow live streams of scheduled events and watch the content published on the festival\u2019s official YouTube channel. A way to take part [&hellip;]<\/p>\n","protected":false},"author":1,"featured_media":0,"parent":0,"menu_order":0,"comment_status":"closed","ping_status":"closed","template":"","meta":{"_acf_changed":false,"footnotes":""},"class_list":["post-1952","page","type-page","status-publish","hentry"],"acf":[],"_links":{"self":[{"href":"https:\/\/www.paviainnovationweek.it\/en\/wp-json\/wp\/v2\/pages\/1952","targetHints":{"allow":["GET"]}}],"collection":[{"href":"https:\/\/www.paviainnovationweek.it\/en\/wp-json\/wp\/v2\/pages"}],"about":[{"href":"https:\/\/www.paviainnovationweek.it\/en\/wp-json\/wp\/v2\/types\/page"}],"author":[{"embeddable":true,"href":"https:\/\/www.paviainnovationweek.it\/en\/wp-json\/wp\/v2\/users\/1"}],"replies":[{"embeddable":true,"href":"https:\/\/www.paviainnovationweek.it\/en\/wp-json\/wp\/v2\/comments?post=1952"}],"version-history":[{"count":20,"href":"https:\/\/www.paviainnovationweek.it\/en\/wp-json\/wp\/v2\/pages\/1952\/revisions"}],"predecessor-version":[{"id":4998,"href":"https:\/\/www.paviainnovationweek.it\/en\/wp-json\/wp\/v2\/pages\/1952\/revisions\/4998"}],"wp:attachment":[{"href":"https:\/\/www.paviainnovationweek.it\/en\/wp-json\/wp\/v2\/media?parent=1952"}],"curies":[{"name":"wp","href":"https:\/\/api.w.org\/{rel}","templated":true}]}}